{"id":7,"date":"2016-08-11T22:26:44","date_gmt":"2016-08-11T22:26:44","guid":{"rendered":"https:\/\/devtselserver.com\/vemac_com_mx\/?page_id=7"},"modified":"2025-01-31T17:57:16","modified_gmt":"2025-01-31T17:57:16","slug":"nosotros","status":"publish","type":"page","link":"https:\/\/devtselserver.com\/vemac_com_mx\/nosotros\/","title":{"rendered":"Nosotros"},"content":{"rendered":"<p>[vc_row css_animation=\u00bbelement_from_bottom\u00bb row_type=\u00bbrow\u00bb use_row_as_full_screen_section=\u00bbno\u00bb type=\u00bbgrid\u00bb angled_section=\u00bbno\u00bb text_align=\u00bbleft\u00bb background_image_as_pattern=\u00bbwithout_pattern\u00bb padding_top=\u00bb60&#8243; padding_bottom=\u00bb60&#8243;][vc_column][vc_column_text]<\/p>\n<p style=\"text-align: justify;\"><em><strong>VEMAC <\/strong><\/em>es una empresa a nivel nacional dedicada a la correcci\u00f3n del factor de potencia, proveedora de productos, equipos y servicios el\u00e9ctricos especializados para la industria.<\/p>\n<p style=\"text-align: justify;\">Nuestra empresa apoyada en gran parte por la capacidad profesional de su personal, forma un equipo de trabajo con alto grado de efectividad para afrontar y emprender nuevos retos en proyectos especializados, trabajando motivados y cumpliendo siempre todos los procedimientos y normas necesarias para alcanzar el \u00e9xito.<\/p>\n<p>[\/vc_column_text][\/vc_column][\/vc_row][vc_row css_animation=\u00bbelement_from_bottom\u00bb row_type=\u00bbrow\u00bb use_row_as_full_screen_section=\u00bbno\u00bb type=\u00bbfull_width\u00bb angled_section=\u00bbno\u00bb text_align=\u00bbleft\u00bb background_image_as_pattern=\u00bbwithout_pattern\u00bb padding_top=\u00bb60&#8243; padding_bottom=\u00bb60&#8243;][vc_column][vc_row_inner row_type=\u00bbrow\u00bb type=\u00bbfull_width\u00bb text_align=\u00bbleft\u00bb css_animation=\u00bb\u00bb][vc_column_inner width=\u00bb1\/2&#8243;]<div class='q_icon_with_title large circle center '><div class=\"icon_holder q_icon_animation\" style=\"margin: 20; \"><span data-icon-type=\"circle\" data-icon-hover-color=\"#f2f2f2\" data-icon-hover-bg-color=\"#000085\" class=\"qode_iwt_icon_holder fa-stack fa-4x  \" style=\"border-color: #ffffff;background-color: #000085;\"><i class=\"qode_icon_font_awesome fa fa-check qode_iwt_icon_element\" style=\"color: #ffffff;\" ><\/i><\/span><\/div><div class=\"icon_text_holder\" style=\"\"><div class=\"icon_text_inner\" style=\"\"><h3 class=\"icon_title\" style=\"color: #444444;\">Misi\u00f3n<\/h3><div class=\"separator small left\" style=\"height: 2px;background-color: #e0e0e0;width: 300px;margin-bottom: 15px;\"><\/div><p style=''><\/p><\/div><\/div><\/div>[vc_column_text]<\/p>\n<p style=\"text-align: justify;\">Brindar a las empresas la mejor soluci\u00f3n para la correcci\u00f3n del factor de potencia sin afectar la calidad de energ\u00eda el\u00e9ctrica.<\/p>\n<p>[\/vc_column_text][\/vc_column_inner][vc_column_inner width=\u00bb1\/2&#8243;]<div class='q_icon_with_title large circle center '><div class=\"icon_holder q_icon_animation\" style=\"margin: 20; \"><span data-icon-type=\"circle\" data-icon-hover-color=\"#f2f2f2\" data-icon-hover-bg-color=\"#000085\" class=\"qode_iwt_icon_holder fa-stack fa-4x  \" style=\"border-color: #ffffff;background-color: #000085;\"><i class=\"qode_icon_font_awesome fa fa-eye qode_iwt_icon_element\" style=\"color: #ffffff;\" ><\/i><\/span><\/div><div class=\"icon_text_holder\" style=\"\"><div class=\"icon_text_inner\" style=\"\"><h3 class=\"icon_title\" style=\"color: #444444;\">Visi\u00f3n<\/h3><div class=\"separator small left\" style=\"height: 2px;background-color: #e0e0e0;width: 300px;margin-bottom: 15px;\"><\/div><p style=''><\/p><\/div><\/div><\/div>[vc_column_text]<\/p>\n<p style=\"text-align: justify;\">Consolidarnos como la principal empresa proveedora de productos de calidad\u00a0 y servicios el\u00e9ctricos para la correcci\u00f3n del factor de potencia en todo el pa\u00eds.<\/p>\n<p>[\/vc_column_text][\/vc_column_inner][\/vc_row_inner][\/vc_column][\/vc_row][vc_row css_animation=\u00bbelement_from_bottom\u00bb row_type=\u00bbrow\u00bb use_row_as_full_screen_section=\u00bbno\u00bb type=\u00bbfull_width\u00bb angled_section=\u00bbno\u00bb text_align=\u00bbleft\u00bb background_image_as_pattern=\u00bbwithout_pattern\u00bb padding_top=\u00bb60&#8243; padding_bottom=\u00bb60&#8243;][vc_column][qode_elements_holder number_of_columns=\u00bbtwo_columns\u00bb][qode_elements_holder_item item_padding=\u00bb10px 20px 10px 20px\u00bb vertical_alignment=\u00bbmiddle\u00bb advanced_animations=\u00bbno\u00bb][vc_single_image image=\u00bb424&#8243; img_size=\u00bbfull\u00bb alignment=\u00bbcenter\u00bb qode_css_animation=\u00bbelement_from_bottom\u00bb qode_hover_animation=\u00bbzoom_in\u00bb][\/qode_elements_holder_item][qode_elements_holder_item item_padding=\u00bb10px 20px 10px 20px\u00bb vertical_alignment=\u00bbmiddle\u00bb advanced_animations=\u00bbno\u00bb][vc_column_text]<\/p>\n<h3><strong>NUESTRA GENTE<\/strong><\/h3>\n<p>[\/vc_column_text][vc_separator type=\u00bbsmall\u00bb position=\u00bbleft\u00bb color=\u00bb#e0e0e0&#8243; thickness=\u00bb2&#8243; width=\u00bb300&#8243; up=\u00bb15&#8243; down=\u00bb20&#8243;][vc_column_text]<\/p>\n<div id=\"content\">\n<div class=\"entry\">\n<p style=\"text-align: justify;\">Nuestra fuerza de trabajo cuenta con una extensa experiencia en la correcci\u00f3n del factor de potencia. El Trabajo en equipo es una de nuestras principales estrategias de desempe\u00f1o que nos permite resolver problemas r\u00e1pida y en forma eficaz.<\/p>\n<\/div>\n<\/div>\n<p>[\/vc_column_text][\/qode_elements_holder_item][\/qode_elements_holder][\/vc_column][\/vc_row][vc_row css_animation=\u00bbelement_from_bottom\u00bb row_type=\u00bbrow\u00bb use_row_as_full_screen_section=\u00bbno\u00bb type=\u00bbfull_width\u00bb angled_section=\u00bbno\u00bb text_align=\u00bbleft\u00bb background_image_as_pattern=\u00bbwithout_pattern\u00bb padding_top=\u00bb60&#8243; padding_bottom=\u00bb60&#8243;][vc_column][vc_row_inner row_type=\u00bbrow\u00bb type=\u00bbgrid\u00bb text_align=\u00bbleft\u00bb css_animation=\u00bb\u00bb][vc_column_inner width=\u00bb1\/6&#8243;][vc_column_text]<\/p>\n<h3>PRINCIPIOS<\/h3>\n<p>[\/vc_column_text][\/vc_column_inner][vc_column_inner width=\u00bb1\/6&#8243;]<div class=\"q_icon_list\"><i class=\"qode_icon_font_awesome fa fa-check qode-ili-icon-holder transparent\" style=\"color: #000085;\" ><\/i><p style=\"\">Calidad<\/p><\/div>[\/vc_column_inner][vc_column_inner width=\u00bb1\/6&#8243;]<div class=\"q_icon_list\"><i class=\"qode_icon_font_awesome fa fa-check qode-ili-icon-holder transparent\" style=\"color: #000085;\" ><\/i><p style=\"\">Planeaci\u00f3n<\/p><\/div>[\/vc_column_inner][vc_column_inner width=\u00bb1\/6&#8243;]<div class=\"q_icon_list\"><i class=\"qode_icon_font_awesome fa fa-check qode-ili-icon-holder transparent\" style=\"color: #000085;\" ><\/i><p style=\"\">Seriedad<\/p><\/div>[\/vc_column_inner][vc_column_inner width=\u00bb1\/6&#8243;]<div class=\"q_icon_list\"><i class=\"qode_icon_font_awesome fa fa-check qode-ili-icon-holder transparent\" style=\"color: #000085;\" ><\/i><p style=\"\">Compromiso<\/p><\/div>[\/vc_column_inner][vc_column_inner width=\u00bb1\/6&#8243;]<div class=\"q_icon_list\"><i class=\"qode_icon_font_awesome fa fa-check qode-ili-icon-holder transparent\" style=\"color: #000085;\" ><\/i><p style=\"\">Visi\u00f3n a largo plazo<\/p><\/div>[\/vc_column_inner][\/vc_row_inner][\/vc_column][\/vc_row]<\/p>\n","protected":false},"excerpt":{"rendered":"<p>[vc_row css_animation=\u00bbelement_from_bottom\u00bb row_type=\u00bbrow\u00bb use_row_as_full_screen_section=\u00bbno\u00bb type=\u00bbgrid\u00bb angled_section=\u00bbno\u00bb text_align=\u00bbleft\u00bb background_image_as_pattern=\u00bbwithout_pattern\u00bb padding_top=\u00bb60&#8243; padding_bottom=\u00bb60&#8243;][vc_column][vc_column_text] VEMAC es una empresa a nivel nacional dedicada a la correcci\u00f3n del factor de potencia, proveedora de productos, equipos y servicios el\u00e9ctricos especializados para la industria. Nuestra empresa apoyada en gran parte por la capacidad&#8230;<\/p>\n","protected":false},"author":2,"featured_media":0,"parent":0,"menu_order":0,"comment_status":"closed","ping_status":"closed","template":"","meta":{"footnotes":""},"class_list":["post-7","page","type-page","status-publish","hentry"],"_links":{"self":[{"href":"https:\/\/devtselserver.com\/vemac_com_mx\/wp-json\/wp\/v2\/pages\/7","targetHints":{"allow":["GET"]}}],"collection":[{"href":"https:\/\/devtselserver.com\/vemac_com_mx\/wp-json\/wp\/v2\/pages"}],"about":[{"href":"https:\/\/devtselserver.com\/vemac_com_mx\/wp-json\/wp\/v2\/types\/page"}],"author":[{"embeddable":true,"href":"https:\/\/devtselserver.com\/vemac_com_mx\/wp-json\/wp\/v2\/users\/2"}],"replies":[{"embeddable":true,"href":"https:\/\/devtselserver.com\/vemac_com_mx\/wp-json\/wp\/v2\/comments?post=7"}],"version-history":[{"count":4,"href":"https:\/\/devtselserver.com\/vemac_com_mx\/wp-json\/wp\/v2\/pages\/7\/revisions"}],"predecessor-version":[{"id":427,"href":"https:\/\/devtselserver.com\/vemac_com_mx\/wp-json\/wp\/v2\/pages\/7\/revisions\/427"}],"wp:attachment":[{"href":"https:\/\/devtselserver.com\/vemac_com_mx\/wp-json\/wp\/v2\/media?parent=7"}],"curies":[{"name":"wp","href":"https:\/\/api.w.org\/{rel}","templated":true}]}}